{"id":272,"date":"2019-05-16T15:47:29","date_gmt":"2019-05-16T13:47:29","guid":{"rendered":"https:\/\/franz-kahl.de\/?page_id=272"},"modified":"2019-09-06T11:51:15","modified_gmt":"2019-09-06T09:51:15","slug":"unternehmen","status":"publish","type":"page","link":"https:\/\/franz-kahl.de\/en\/unternehmen\/","title":{"rendered":"Unternehmen"},"content":{"rendered":"<div class=\"wpb-content-wrapper\"><p><\/p>\n<p>[vc_row bg_type=&#8221;image&#8221; parallax_style=&#8221;vcpb-default&#8221; bg_image_new=&#8221;id^613|url^https:\/\/franz-kahl.de\/wp-content\/uploads\/2019\/05\/header-unternehmen.jpg|caption^null|alt^null|title^header-unternehmen|description^null&#8221;][vc_column width=&#8221;1\/1&#8243;]<div class=\"ult-spacer spacer-69f4e3f235f09\" data-id=\"69f4e3f235f09\" data-height=\"450\" data-height-mobile=\"250\" data-height-tab=\"450\" data-height-tab-portrait=\"400\" data-height-mobile-landscape=\"250\" style=\"clear:both;display:block;\"><\/div>[\/vc_column][\/vc_row][vc_row bg_color=&#8221;#ffffff&#8221;][vc_column width=&#8221;1\/1&#8243;][vc_empty_space][vc_row_inner][vc_column_inner][vc_column_text]<\/p>\n<h1>Unternehmen<\/h1>\n<p>Profitieren Sie von mehr als 80 Jahren Erfahrung und Kompetenz der Franz Kahl GmbH rund um die Entsorgungs- und Umwelttechnologie als familiengef\u00fchrtes Unternehmen in dritter Generation. Langfristige Kundenbindungen, ein fester Stamm gewachsener langj\u00e4hriger Mitarbeiter mit hohem Qualit\u00e4tsanspruch sowie eine gro\u00dfe Fachkenntnis sind die wichtigsten Grundlagen unserer T\u00e4tigkeit &#8211; vom kleinen Papierschredder bis hin zur kompletten logistischen und maschinellen Entsorgungstechnologie f\u00fcr Hochh\u00e4user, Gewerbe- und Industriebetriebe und professionellem technischen Service rund um die Uhr.[\/vc_column_text][\/vc_column_inner][\/vc_row_inner][vc_empty_space][\/vc_column][\/vc_row][vc_row bg_color=&#8221;#f2f2f2&#8243;][vc_column width=&#8221;1\/1&#8243;][vc_empty_space][vc_row_inner][vc_column_inner width=&#8221;1\/2&#8243;][vc_column_text]Allein ein Blick \u00fcber die Skyline von Frankfurt erf\u00fcllt uns mit Stolz. Viele der Hochh\u00e4user und Gro\u00dfbauten wurden mit unserer Beratung und Technik im Bereich der Entsorgung errichtet. Ob im Hauptbahnhof oder in industeriellen Anlagen: \u00fcberall, wo wir unsere Kompetenz unter Beweis stellen konnten, erbrachten wir die ideale Konzeptionierung , Durchf\u00fchrung und damit einen hohen Mehrwert f\u00fcr unsere Auftraggeber.<\/p>\n<p>Auch im Bereich der M\u00fcllsortierung sind wir Ihr richtiger Ansprechpartner. Ihre Sortieranfoderungen l\u00f6sen wir mit innovativen Techniken, Maschinen und unserer Planung . Ob R\u00f6ntgen-, Laser-, Magnet- oder Linsentechnologie: f\u00fcr alle Sortierfragen liefern wir die richtige L\u00f6sung mit spitzenm\u00e4\u00dfigen Sortierergebnissen.[\/vc_column_text][vc_empty_space][\/vc_column_inner][vc_column_inner width=&#8221;1\/2&#8243;][vc_column_text]St\u00e4ndig sind wir bem\u00fcht, unser Portfolio weiter zu erg\u00e4nzen und abzurunden, Innovationen zu suchen. Dass dabei nur erstklassige Handelspartner in Betracht kommen, ergibt sich aus unserem eigenen Qualit\u00e4tsverst\u00e4ndnis. So denken wir bereits jetzt \u00fcber die Entsorgung der in wenigen Jahren anfallenden Solaranlagen auf deutschen D\u00e4chern nach.<\/p>\n<h3>Wir freuen uns auf Ihre Herausforderung!<\/h3>\n<p>Kontaktieren Sie uns jederzeit gern per Telefon, Email oder Kontaktformular f\u00fcr eine pers\u00f6nliche Beratung und ein individuelles Angebot. In allen Bereichen werden Sie in uns den richtigen Ansprechpartner finden.[\/vc_column_text]<a href=\"https:\/\/franz-kahl.de\/kontakt\/\" target=\"_self\" class=\"button color-3 medium \" style=\"border-radius: 2px;\">Kontakt<\/a>[vc_empty_space][\/vc_column_inner][\/vc_row_inner][\/vc_column][\/vc_row]<\/p>\n<p><\/p>\n<\/div>","protected":false},"excerpt":{"rendered":"<p>[vc_row bg_type=&#8221;image&#8221; parallax_style=&#8221;vcpb-default&#8221; bg_image_new=&#8221;id^613|url^https:\/\/franz-kahl.de\/wp-content\/uploads\/2019\/05\/header-unternehmen.jpg|caption^null|alt^null|title^header-unternehmen|description^null&#8221;][vc_column width=&#8221;1\/1&#8243;][\/vc_column][\/vc_row][vc_row bg_color=&#8221;#ffffff&#8221;][vc_column width=&#8221;1\/1&#8243;][vc_empty_space][vc_row_inner][vc_column_inner][vc_column_text] Unternehmen Profitieren Sie von mehr als 80 Jahren Erfahrung und Kompetenz der Franz Kahl GmbH rund um die Entsorgungs- und Umwelttechnologie als familiengef\u00fchrtes Unternehmen in dritter Generation. Langfristige Kundenbindungen, ein fester Stamm gewachsener langj\u00e4hriger Mitarbeiter mit hohem Qualit\u00e4tsanspruch sowie eine gro\u00dfe Fachkenntnis sind die wichtigsten Grundlagen unserer T\u00e4tigkeit &#8211; vom kleinen Papierschredder bis hin zur kompletten logistischen und maschinellen Entsorgungstechnologie f\u00fcr Hochh\u00e4user, Gewerbe- und Industriebetriebe und professionellem technischen Service rund um die Uhr.[\/vc_column_text][\/vc_column_inner][\/vc_row_inner][vc_empty_space][\/vc_column][\/vc_row][vc_row bg_color=&#8221;#f2f2f2&#8243;][vc_column width=&#8221;1\/1&#8243;][vc_empty_space][vc_row_inner][vc_column_inner width=&#8221;1\/2&#8243;][vc_column_text]Allein ein Blick \u00fcber die Skyline von Frankfurt erf\u00fcllt uns mit Stolz. Viele der Hochh\u00e4user und Gro\u00dfbauten wurden mit unserer Beratung und Technik im Bereich der Entsorgung errichtet. Ob im Hauptbahnhof oder in industeriellen Anlagen: \u00fcberall, wo wir unsere Kompetenz unter Beweis stellen konnten, erbrachten wir die ideale Konzeptionierung , Durchf\u00fchrung und damit einen hohen Mehrwert f\u00fcr unsere Auftraggeber. Auch im Bereich der M\u00fcllsortierung sind wir Ihr richtiger Ansprechpartner. Ihre Sortieranfoderungen l\u00f6sen wir mit innovativen Techniken, Maschinen und unserer Planung . Ob R\u00f6ntgen-, Laser-, Magnet- oder Linsentechnologie: f\u00fcr alle Sortierfragen liefern wir die richtige L\u00f6sung mit spitzenm\u00e4\u00dfigen Sortierergebnissen.[\/vc_column_text][vc_empty_space][\/vc_column_inner][vc_column_inner width=&#8221;1\/2&#8243;][vc_column_text]St\u00e4ndig sind wir bem\u00fcht, unser Portfolio weiter zu erg\u00e4nzen und abzurunden, Innovationen zu suchen. Dass dabei nur erstklassige Handelspartner in [&hellip;]<\/p>\n","protected":false},"author":6,"featured_media":0,"parent":0,"menu_order":0,"comment_status":"closed","ping_status":"closed","template":"","meta":{"_exactmetrics_skip_tracking":false,"_exactmetrics_sitenote_active":false,"_exactmetrics_sitenote_note":"","_exactmetrics_sitenote_category":0,"footnotes":""},"class_list":["post-272","page","type-page","status-publish","hentry"],"_links":{"self":[{"href":"https:\/\/franz-kahl.de\/en\/wp-json\/wp\/v2\/pages\/272","targetHints":{"allow":["GET"]}}],"collection":[{"href":"https:\/\/franz-kahl.de\/en\/wp-json\/wp\/v2\/pages"}],"about":[{"href":"https:\/\/franz-kahl.de\/en\/wp-json\/wp\/v2\/types\/page"}],"author":[{"embeddable":true,"href":"https:\/\/franz-kahl.de\/en\/wp-json\/wp\/v2\/users\/6"}],"replies":[{"embeddable":true,"href":"https:\/\/franz-kahl.de\/en\/wp-json\/wp\/v2\/comments?post=272"}],"version-history":[{"count":30,"href":"https:\/\/franz-kahl.de\/en\/wp-json\/wp\/v2\/pages\/272\/revisions"}],"predecessor-version":[{"id":956,"href":"https:\/\/franz-kahl.de\/en\/wp-json\/wp\/v2\/pages\/272\/revisions\/956"}],"wp:attachment":[{"href":"https:\/\/franz-kahl.de\/en\/wp-json\/wp\/v2\/media?parent=272"}],"curies":[{"name":"wp","href":"https:\/\/api.w.org\/{rel}","templated":true}]}}