{"id":447,"date":"2019-05-16T17:17:25","date_gmt":"2019-05-16T15:17:25","guid":{"rendered":"https:\/\/franz-kahl.de\/?page_id=447"},"modified":"2019-07-01T10:01:04","modified_gmt":"2019-07-01T08:01:04","slug":"news","status":"publish","type":"page","link":"https:\/\/franz-kahl.de\/en\/news\/","title":{"rendered":"News"},"content":{"rendered":"<div class=\"wpb-content-wrapper\"><p><\/p>\n<p>[vc_row bg_type=&#8221;image&#8221; parallax_style=&#8221;vcpb-default&#8221; bg_image_new=&#8221;id^631|url^https:\/\/franz-kahl.de\/wp-content\/uploads\/2019\/05\/header-news.jpg|caption^null|alt^null|title^header-news|description^null&#8221;][vc_column width=&#8221;1\/1&#8243;]<div class=\"ult-spacer spacer-69e60eddbee9e\" data-id=\"69e60eddbee9e\" data-height=\"450\" data-height-mobile=\"250\" data-height-tab=\"450\" data-height-tab-portrait=\"400\" data-height-mobile-landscape=\"250\" style=\"clear:both;display:block;\"><\/div>[\/vc_column][\/vc_row][vc_row bg_color=&#8221;#ffffff&#8221;][vc_column width=&#8221;1\/1&#8243;][vc_empty_space][vc_row_inner][vc_column_inner][vc_column_text]<\/p>\n<h1>News<\/h1>\n<p>[\/vc_column_text][\/vc_column_inner][\/vc_row_inner][vc_empty_space]<div class=\"latest-blog vertical clearfix\"><div class=\"latest-blog-list  clearfix wpb_content_element\">\n\t\t\t\t\t\t\t<div class=\"blog-list-item-date\">16<span>May<\/span><\/div>\n\t\t\t\t\t\t  \t<div class=\"blog-list-item-description\">\n\t\t\t\t\t\t\t\t<h3><a href=\"https:\/\/franz-kahl.de\/en\/mieten-finanzieren\/\" title=\"Mieten &#038; Finanzieren\">Mieten &#038; Finanzieren<\/a><\/h3>\n\t\t\t\t\t\t\t  \t<div class=\"blog-list-item-excerpt\">Die \u00fcber den Einf\u00fclltrichter eingeworfenen Gebinde werden durch die 4-Wellen-Kontsruktion eingezogen und nahezu vollst\u00e4ndig entleert... <a href=\"https:\/\/franz-kahl.de\/en\/mieten-finanzieren\/\">Read More &rarr;<\/a><\/div>\n\t\t\t\t\t\t\t<\/div>\n\t\t\t\t\t  \t<\/div><div class=\"latest-blog-list  clearfix wpb_content_element\">\n\t\t\t\t\t\t\t<div class=\"blog-list-item-date\">16<span>May<\/span><\/div>\n\t\t\t\t\t\t  \t<div class=\"blog-list-item-description\">\n\t\t\t\t\t\t\t\t<h3><a href=\"https:\/\/franz-kahl.de\/en\/shredder-pressen-kombination-hsm5088\/\" title=\"Shredder &#8211; Pressen &#8211; Kombination HSM5088\">Shredder &#8211; Pressen &#8211; Kombination HSM5088<\/a><\/h3>\n\t\t\t\t\t\t\t  \t<div class=\"blog-list-item-excerpt\">Diese leistungsstarke Shredder-Pressen-Kombination mit Drehstrom-Anschluss besteht aus dem Gro\u00dfaktenvernichter FA 500.3 und einer Kanal-Ballenpresse.\r\n\r\n.. <a href=\"https:\/\/franz-kahl.de\/en\/shredder-pressen-kombination-hsm5088\/\">Read More &rarr;<\/a><\/div>\n\t\t\t\t\t\t\t<\/div>\n\t\t\t\t\t  \t<\/div><div class=\"latest-blog-list  clearfix wpb_content_element\">\n\t\t\t\t\t\t\t<div class=\"blog-list-item-date\">16<span>May<\/span><\/div>\n\t\t\t\t\t\t  \t<div class=\"blog-list-item-description\">\n\t\t\t\t\t\t\t\t<h3><a href=\"https:\/\/franz-kahl.de\/en\/hsm-pet-fluidex-600\/\" title=\"HSM PET FluidEx 600\">HSM PET FluidEx 600<\/a><\/h3>\n\t\t\t\t\t\t\t  \t<div class=\"blog-list-item-excerpt\">Die \u00fcber den Einf\u00fclltrichter eingeworfenen Gebinde werden durch die 4-Wellen-Kontsruktion eingezogen und nahezu vollst\u00e4ndig entleert. .. <a href=\"https:\/\/franz-kahl.de\/en\/hsm-pet-fluidex-600\/\">Read More &rarr;<\/a><\/div>\n\t\t\t\t\t\t\t<\/div>\n\t\t\t\t\t  \t<\/div><\/div>[vc_empty_space][\/vc_column][\/vc_row]<\/p>\n<p><\/p>\n<\/div>","protected":false},"excerpt":{"rendered":"<p>[vc_row bg_type=&#8221;image&#8221; parallax_style=&#8221;vcpb-default&#8221; bg_image_new=&#8221;id^631|url^https:\/\/franz-kahl.de\/wp-content\/uploads\/2019\/05\/header-news.jpg|caption^null|alt^null|title^header-news|description^null&#8221;][vc_column width=&#8221;1\/1&#8243;][\/vc_column][\/vc_row][vc_row bg_color=&#8221;#ffffff&#8221;][vc_column width=&#8221;1\/1&#8243;][vc_empty_space][vc_row_inner][vc_column_inner][vc_column_text] News [\/vc_column_text][\/vc_column_inner][\/vc_row_inner][vc_empty_space][vc_empty_space][\/vc_column][\/vc_row]<\/p>\n","protected":false},"author":6,"featured_media":0,"parent":0,"menu_order":0,"comment_status":"closed","ping_status":"closed","template":"","meta":{"_exactmetrics_skip_tracking":false,"_exactmetrics_sitenote_active":false,"_exactmetrics_sitenote_note":"","_exactmetrics_sitenote_category":0,"footnotes":""},"class_list":["post-447","page","type-page","status-publish","hentry"],"_links":{"self":[{"href":"https:\/\/franz-kahl.de\/en\/wp-json\/wp\/v2\/pages\/447","targetHints":{"allow":["GET"]}}],"collection":[{"href":"https:\/\/franz-kahl.de\/en\/wp-json\/wp\/v2\/pages"}],"about":[{"href":"https:\/\/franz-kahl.de\/en\/wp-json\/wp\/v2\/types\/page"}],"author":[{"embeddable":true,"href":"https:\/\/franz-kahl.de\/en\/wp-json\/wp\/v2\/users\/6"}],"replies":[{"embeddable":true,"href":"https:\/\/franz-kahl.de\/en\/wp-json\/wp\/v2\/comments?post=447"}],"version-history":[{"count":6,"href":"https:\/\/franz-kahl.de\/en\/wp-json\/wp\/v2\/pages\/447\/revisions"}],"predecessor-version":[{"id":939,"href":"https:\/\/franz-kahl.de\/en\/wp-json\/wp\/v2\/pages\/447\/revisions\/939"}],"wp:attachment":[{"href":"https:\/\/franz-kahl.de\/en\/wp-json\/wp\/v2\/media?parent=447"}],"curies":[{"name":"wp","href":"https:\/\/api.w.org\/{rel}","templated":true}]}}