{"id":807,"date":"2019-05-17T12:58:40","date_gmt":"2019-05-17T10:58:40","guid":{"rendered":"https:\/\/franz-kahl.de\/?page_id=807"},"modified":"2020-04-09T13:28:44","modified_gmt":"2020-04-09T11:28:44","slug":"gewerbe-und-industriekunden","status":"publish","type":"page","link":"https:\/\/franz-kahl.de\/en\/gewerbe-und-industriekunden\/","title":{"rendered":"Gewerbe- und Industriekunden"},"content":{"rendered":"<div class=\"wpb-content-wrapper\"><p>[vc_row bg_type=&#8221;image&#8221; parallax_style=&#8221;vcpb-default&#8221; bg_image_new=&#8221;id^826|url^https:\/\/franz-kahl.de\/wp-content\/uploads\/2019\/05\/header-industrie.jpg|caption^null|alt^null|title^header-industrie|description^null&#8221;][vc_column width=&#8221;1\/1&#8243;]<div class=\"ult-spacer spacer-69f030f646bc9\" data-id=\"69f030f646bc9\" data-height=\"450\" data-height-mobile=\"250\" data-height-tab=\"450\" data-height-tab-portrait=\"400\" data-height-mobile-landscape=\"250\" style=\"clear:both;display:block;\"><\/div>[\/vc_column][\/vc_row][vc_row bg_color=&#8221;#ffffff&#8221;][vc_column width=&#8221;1\/1&#8243;][vc_empty_space][vc_row_inner][vc_column_inner width=&#8221;2\/3&#8243;][vc_column_text]<\/p>\n<h1>Gewerbe- und Industriekunden<\/h1>\n<p><strong>Beratung:<\/strong><br \/>\nUnsere Kunden sind kleine Unternehmen bis hin zu DAX und Dow Jones Unternehmen. Da wir kein Entsorger sind gew\u00e4hrleisten wir Ihnen eine unabh\u00e4ngige und professionelle Beratung.<\/p>\n<p><strong>Optimierung Ihrer Entsorgungssituation<\/strong><\/p>\n<p>In 9 von 10 F\u00e4llen haben wir unseren Kunden eine sp\u00fcrbare Optimierung generiert.<br \/>\nDies bedeutet, signifikantes Senken der bisherigen Entsorgungskosten und Auffinden bzw. Anheben der Verg\u00fctungen f\u00fcr Ihre positiven Stoffe (z.B. Kartonage, Folien, Kunststoffe)<\/p>\n<p><strong>Unser Motto lautet: &#8220;Kostenreduzierung &#8211; Trennen mit Gewinn!&#8221;<\/strong><\/p>\n<p>So unterst\u00fctzen wir Sie und Ihr Unternehmen:<\/p>\n<ul>\n<li>Wir analysieren Ihre Daten bzw. Ihre Abfallbilanz (im Sinne der neuen GewAbfV g\u00fcltig seit August 2017)<\/li>\n<li>Identifizierung und bewerten der positiven Stoffe, z.B. Kartonage und Folie<\/li>\n<li>Optimierung der Transporte und der Intralogistik \u201eM\u00fclltourismus im Unternehmen\u201c<\/li>\n<li>Analysieren interne Prozesse und zeigen Optimierungen hinsichtlich des Warenstroms auf<\/li>\n<li>Verwertungsm\u00f6glichkeiten nach aktuellem Euwid verbessern, in Verbindung einer Kosten\/Nutzenanalyse mit Umstellung auf andere Pressen, die vermarktungsf\u00e4higes Material produzieren, ohne Handlingskosten<\/li>\n<li>Optimierung der negativen Stoffe, z.B. Holzabfall A 1 ist in der Verwertung der letzten Jahre deutlich angestiegen, hier k\u00f6nnen wir Ihnen z. B. unseren Walzenverdichter vorschlagen der Ihre Transportkosten deutlich reduziert.<\/li>\n<\/ul>\n<p>Aufgrund unserer langj\u00e4hrigen Erfahrung helfen wir Ihnen schnell und unkompliziert eine auf Ihr Unternehmen ma\u00dfgeschneiderte L\u00f6sung zu erarbeiten, die auch Ihre Prozesse im Hinblick auf die seit August geltende Gewerbeabfallverordnung umsetzt. Einsparpotentiale und eine deutlich erh\u00f6hte Wertsch\u00f6pfung sind das Ziel.<\/p>\n<p>Durch unserer langj\u00e4hrige Gesch\u00e4ftst\u00e4tigkeit konnten wir viele Firmen neutral in der Entsorgung beraten, Prozesse optimieren, Einsparpotentiale erzielen und die Wertsch\u00f6pfungskette nachweislich optimieren.<\/p>\n<p>Sie sind nur einen Klick davon entfernt &#8211; jetzt unverbindlich beraten lassen:[\/vc_column_text]<a href=\"https:\/\/franz-kahl.de\/kontakt\/\" target=\"_self\" class=\"button color-3 medium \" style=\"border-radius: 2px;\">Vereinbaren Sie jetzt einen Termin<\/a>[\/vc_column_inner][vc_column_inner width=&#8221;1\/3&#8243;][vc_column_text]<\/p>\n<h3>Vereinbaren Sie heute noch einen kostenlosen Beratungstermin<\/h3>\n<p>Wir beraten Sie bei der Umsetzung und bei der etwaigen Anschaffung von Entsorgungstechnik.<br \/>\nOb Verdichtungsanlagen, Hub-Kipp-Vorrichtungen, Shredder und Absauganlagen, Verschiebeeinrichtungen wir haben die passende L\u00f6sung f\u00fcr Ihren Bedarf.<\/p>\n<p>Nat\u00fcrlich stehen wir auch danach mit unserem reaktionsschnellen Service f\u00fcr wiederkehrende Pr\u00fcfungen (UVV &amp; DGUV), Wartungen aber auch f\u00fcr Probleml\u00f6sungen gerne zur Seite.<\/p>\n<p>Oder rufen Sie uns einfach an <strong>069 79 15-0<\/strong>[\/vc_column_text][\/vc_column_inner][\/vc_row_inner][vc_empty_space][\/vc_column][\/vc_row]<\/p>\n<\/div>","protected":false},"excerpt":{"rendered":"<p>[vc_row bg_type=&#8221;image&#8221; parallax_style=&#8221;vcpb-default&#8221; bg_image_new=&#8221;id^826|url^https:\/\/franz-kahl.de\/wp-content\/uploads\/2019\/05\/header-industrie.jpg|caption^null|alt^null|title^header-industrie|description^null&#8221;][vc_column width=&#8221;1\/1&#8243;][\/vc_column][\/vc_row][vc_row bg_color=&#8221;#ffffff&#8221;][vc_column width=&#8221;1\/1&#8243;][vc_empty_space][vc_row_inner][vc_column_inner width=&#8221;2\/3&#8243;][vc_column_text] Gewerbe- und Industriekunden Beratung: Unsere Kunden sind kleine Unternehmen bis hin zu DAX und Dow Jones Unternehmen. Da wir kein Entsorger sind gew\u00e4hrleisten wir Ihnen eine unabh\u00e4ngige und professionelle Beratung. Optimierung Ihrer Entsorgungssituation In 9 von 10 F\u00e4llen haben wir unseren Kunden eine sp\u00fcrbare Optimierung generiert. Dies bedeutet, signifikantes Senken der bisherigen Entsorgungskosten und Auffinden bzw. Anheben der Verg\u00fctungen f\u00fcr Ihre positiven Stoffe (z.B. Kartonage, Folien, Kunststoffe) Unser Motto lautet: &#8220;Kostenreduzierung &#8211; Trennen mit Gewinn!&#8221; So unterst\u00fctzen wir Sie und Ihr Unternehmen: Wir analysieren Ihre Daten bzw. Ihre Abfallbilanz (im Sinne der neuen GewAbfV g\u00fcltig seit August 2017) Identifizierung und bewerten der positiven Stoffe, z.B. Kartonage und Folie Optimierung der Transporte und der Intralogistik \u201eM\u00fclltourismus im Unternehmen\u201c Analysieren interne Prozesse und zeigen Optimierungen hinsichtlich des Warenstroms auf Verwertungsm\u00f6glichkeiten nach aktuellem Euwid verbessern, in Verbindung einer Kosten\/Nutzenanalyse mit Umstellung auf andere Pressen, die vermarktungsf\u00e4higes Material produzieren, ohne Handlingskosten Optimierung der negativen Stoffe, z.B. Holzabfall A 1 ist in der Verwertung der letzten Jahre deutlich angestiegen, hier k\u00f6nnen wir Ihnen z. B. unseren Walzenverdichter vorschlagen der Ihre Transportkosten deutlich reduziert. Aufgrund unserer langj\u00e4hrigen Erfahrung helfen wir Ihnen schnell und unkompliziert eine auf Ihr Unternehmen [&hellip;]<\/p>\n","protected":false},"author":6,"featured_media":0,"parent":0,"menu_order":0,"comment_status":"closed","ping_status":"closed","template":"","meta":{"_exactmetrics_skip_tracking":false,"_exactmetrics_sitenote_active":false,"_exactmetrics_sitenote_note":"","_exactmetrics_sitenote_category":0,"footnotes":""},"class_list":["post-807","page","type-page","status-publish","hentry"],"_links":{"self":[{"href":"https:\/\/franz-kahl.de\/en\/wp-json\/wp\/v2\/pages\/807","targetHints":{"allow":["GET"]}}],"collection":[{"href":"https:\/\/franz-kahl.de\/en\/wp-json\/wp\/v2\/pages"}],"about":[{"href":"https:\/\/franz-kahl.de\/en\/wp-json\/wp\/v2\/types\/page"}],"author":[{"embeddable":true,"href":"https:\/\/franz-kahl.de\/en\/wp-json\/wp\/v2\/users\/6"}],"replies":[{"embeddable":true,"href":"https:\/\/franz-kahl.de\/en\/wp-json\/wp\/v2\/comments?post=807"}],"version-history":[{"count":5,"href":"https:\/\/franz-kahl.de\/en\/wp-json\/wp\/v2\/pages\/807\/revisions"}],"predecessor-version":[{"id":972,"href":"https:\/\/franz-kahl.de\/en\/wp-json\/wp\/v2\/pages\/807\/revisions\/972"}],"wp:attachment":[{"href":"https:\/\/franz-kahl.de\/en\/wp-json\/wp\/v2\/media?parent=807"}],"curies":[{"name":"wp","href":"https:\/\/api.w.org\/{rel}","templated":true}]}}