{"id":809,"date":"2019-05-17T13:00:04","date_gmt":"2019-05-17T11:00:04","guid":{"rendered":"https:\/\/franz-kahl.de\/?page_id=809"},"modified":"2020-04-09T13:30:59","modified_gmt":"2020-04-09T11:30:59","slug":"entsorger","status":"publish","type":"page","link":"https:\/\/franz-kahl.de\/en\/entsorger\/","title":{"rendered":"Entsorger"},"content":{"rendered":"<div class=\"wpb-content-wrapper\"><p>[vc_row bg_type=&#8221;image&#8221; parallax_style=&#8221;vcpb-default&#8221; bg_image_new=&#8221;id^825|url^https:\/\/franz-kahl.de\/wp-content\/uploads\/2019\/05\/header-entsorger.jpg|caption^null|alt^null|title^header-entsorger|description^null&#8221;][vc_column width=&#8221;1\/1&#8243;]<div class=\"ult-spacer spacer-6a04d9e9bbe46\" data-id=\"6a04d9e9bbe46\" data-height=\"450\" data-height-mobile=\"250\" data-height-tab=\"450\" data-height-tab-portrait=\"400\" data-height-mobile-landscape=\"250\" style=\"clear:both;display:block;\"><\/div>[\/vc_column][\/vc_row][vc_row bg_color=&#8221;#ffffff&#8221;][vc_column width=&#8221;1\/1&#8243;][vc_empty_space][vc_row_inner][vc_column_inner width=&#8221;2\/3&#8243;][vc_column_text]<\/p>\n<h1>Entsorger<\/h1>\n<p><strong>Dienstleistungen:<\/strong><\/p>\n<ul>\n<li>Serviceeins\u00e4tze f\u00fcr Sie bei Ihren Kunden<\/li>\n<li>Wartungen an s\u00e4mtlichen Fabrikaten<\/li>\n<li>UVV &amp; DGUV Pr\u00fcfung s\u00e4mtlicher Verdichtungsanlagen und an vielen weiteren Maschinen \u2013 wir machen sorgen f\u00fcr einen rechtssicheren Pressen- und Beh\u00e4lterbestand.<\/li>\n<li>Wir stehen parat f\u00fcr kleine und gro\u00dfe Reparaturen aber auch f\u00fcr komplette Renovierung Ihrer Beh\u00e4lter und Pressenbestands (Instandsetzung, Sandstrahlen, Lackieren, Pr\u00fcfen)<\/li>\n<li>Begehungen mit Ihnen beim Kunden. Unsere Spezialisten kl\u00e4ren vor Ort mit Ihnen ab ob etwaige Aufstellungen, Sonder- und Umbauten m\u00f6glich sind<\/li>\n<li>Alle Pr\u00fcfberichte Ihrer Pressen auf Wunsch in unserem Kunden-Onlinebereich zur schnellen Auffindbarkeit<\/li>\n<li>Rahmenvertr\u00e4ge f\u00fcr Entsorger mit speziellen Konditionen<\/li>\n<li>Maschinenbau und Vertrieb<\/li>\n<li>Gro\u00dfes Portfolio an diversen Shredder und Verdichtungsanlagen und Zubeh\u00f6r<\/li>\n<li>Sonderbauten oder eigen Ausstattungsmerkmale sind kein Problem<\/li>\n<li>Lackierung in Ihrer Unternehmensfarbe und Anbringung Ihrer Logoaufkleber auf Wunsch<\/li>\n<li>Rahmenvertrage oder Garantieerweiterung auf 24 Monate m\u00f6glich<\/li>\n<\/ul>\n<p>[\/vc_column_text]<a href=\"https:\/\/franz-kahl.de\/kontakt\/\" target=\"_self\" class=\"button color-3 medium \" style=\"border-radius: 2px;\">Vereinbaren Sie jetzt einen Termin<\/a>[\/vc_column_inner][vc_column_inner width=&#8221;1\/3&#8243;][vc_column_text]<\/p>\n<h3>Vereinbaren Sie heute noch einen kostenlosen Beratungstermin<\/h3>\n<p>Wir beraten Sie bei der Umsetzung und bei der etwaigen Anschaffung von Entsorgungstechnik.<br \/>\nOb Verdichtungsanlagen, Hub-Kipp-Vorrichtungen, Shredder und Absauganlagen, Verschiebeeinrichtungen wir haben die passende L\u00f6sung f\u00fcr Ihren Bedarf.<\/p>\n<p>Nat\u00fcrlich stehen wir auch danach mit unserem reaktionsschnellen Service f\u00fcr wiederkehrende Pr\u00fcfungen (UVV &amp; DGUV), Wartungen aber auch f\u00fcr Probleml\u00f6sungen gerne zur Seite.<\/p>\n<p>Oder rufen Sie uns einfach an <strong>069 79 15-0,<\/strong>[\/vc_column_text][\/vc_column_inner][\/vc_row_inner][vc_empty_space][\/vc_column][\/vc_row]<\/p>\n<\/div>","protected":false},"excerpt":{"rendered":"<p>[vc_row bg_type=&#8221;image&#8221; parallax_style=&#8221;vcpb-default&#8221; bg_image_new=&#8221;id^825|url^https:\/\/franz-kahl.de\/wp-content\/uploads\/2019\/05\/header-entsorger.jpg|caption^null|alt^null|title^header-entsorger|description^null&#8221;][vc_column width=&#8221;1\/1&#8243;][\/vc_column][\/vc_row][vc_row bg_color=&#8221;#ffffff&#8221;][vc_column width=&#8221;1\/1&#8243;][vc_empty_space][vc_row_inner][vc_column_inner width=&#8221;2\/3&#8243;][vc_column_text] Entsorger Dienstleistungen: Serviceeins\u00e4tze f\u00fcr Sie bei Ihren Kunden Wartungen an s\u00e4mtlichen Fabrikaten UVV &amp; DGUV Pr\u00fcfung s\u00e4mtlicher Verdichtungsanlagen und an vielen weiteren Maschinen \u2013 wir machen sorgen f\u00fcr einen rechtssicheren Pressen- und Beh\u00e4lterbestand. Wir stehen parat f\u00fcr kleine und gro\u00dfe Reparaturen aber auch f\u00fcr komplette Renovierung Ihrer Beh\u00e4lter und Pressenbestands (Instandsetzung, Sandstrahlen, Lackieren, Pr\u00fcfen) Begehungen mit Ihnen beim Kunden. Unsere Spezialisten kl\u00e4ren vor Ort mit Ihnen ab ob etwaige Aufstellungen, Sonder- und Umbauten m\u00f6glich sind Alle Pr\u00fcfberichte Ihrer Pressen auf Wunsch in unserem Kunden-Onlinebereich zur schnellen Auffindbarkeit Rahmenvertr\u00e4ge f\u00fcr Entsorger mit speziellen Konditionen Maschinenbau und Vertrieb Gro\u00dfes Portfolio an diversen Shredder und Verdichtungsanlagen und Zubeh\u00f6r Sonderbauten oder eigen Ausstattungsmerkmale sind kein Problem Lackierung in Ihrer Unternehmensfarbe und Anbringung Ihrer Logoaufkleber auf Wunsch Rahmenvertrage oder Garantieerweiterung auf 24 Monate m\u00f6glich [\/vc_column_text][\/vc_column_inner][vc_column_inner width=&#8221;1\/3&#8243;][vc_column_text] Vereinbaren Sie heute noch einen kostenlosen Beratungstermin Wir beraten Sie bei der Umsetzung und bei der etwaigen Anschaffung von Entsorgungstechnik. Ob Verdichtungsanlagen, Hub-Kipp-Vorrichtungen, Shredder und Absauganlagen, Verschiebeeinrichtungen wir haben die passende L\u00f6sung f\u00fcr Ihren Bedarf. Nat\u00fcrlich stehen wir auch danach mit unserem reaktionsschnellen Service f\u00fcr wiederkehrende Pr\u00fcfungen (UVV &amp; DGUV), Wartungen aber auch f\u00fcr Probleml\u00f6sungen gerne zur Seite. Oder rufen Sie [&hellip;]<\/p>\n","protected":false},"author":6,"featured_media":0,"parent":0,"menu_order":0,"comment_status":"closed","ping_status":"closed","template":"","meta":{"_exactmetrics_skip_tracking":false,"_exactmetrics_sitenote_active":false,"_exactmetrics_sitenote_note":"","_exactmetrics_sitenote_category":0,"footnotes":""},"class_list":["post-809","page","type-page","status-publish","hentry"],"_links":{"self":[{"href":"https:\/\/franz-kahl.de\/en\/wp-json\/wp\/v2\/pages\/809","targetHints":{"allow":["GET"]}}],"collection":[{"href":"https:\/\/franz-kahl.de\/en\/wp-json\/wp\/v2\/pages"}],"about":[{"href":"https:\/\/franz-kahl.de\/en\/wp-json\/wp\/v2\/types\/page"}],"author":[{"embeddable":true,"href":"https:\/\/franz-kahl.de\/en\/wp-json\/wp\/v2\/users\/6"}],"replies":[{"embeddable":true,"href":"https:\/\/franz-kahl.de\/en\/wp-json\/wp\/v2\/comments?post=809"}],"version-history":[{"count":6,"href":"https:\/\/franz-kahl.de\/en\/wp-json\/wp\/v2\/pages\/809\/revisions"}],"predecessor-version":[{"id":973,"href":"https:\/\/franz-kahl.de\/en\/wp-json\/wp\/v2\/pages\/809\/revisions\/973"}],"wp:attachment":[{"href":"https:\/\/franz-kahl.de\/en\/wp-json\/wp\/v2\/media?parent=809"}],"curies":[{"name":"wp","href":"https:\/\/api.w.org\/{rel}","templated":true}]}}