{"id":878,"date":"2019-05-17T15:01:18","date_gmt":"2019-05-17T13:01:18","guid":{"rendered":"https:\/\/franz-kahl.de\/?page_id=878"},"modified":"2019-06-19T23:43:09","modified_gmt":"2019-06-19T21:43:09","slug":"sortieranlagen","status":"publish","type":"page","link":"https:\/\/franz-kahl.de\/en\/sortieranlagen\/","title":{"rendered":"(Deutsch) Sortieranlagen"},"content":{"rendered":"<div class=\"wpb-content-wrapper\"><p>[vc_row][vc_column width=&#8221;1\/1&#8243;][vc_empty_space][vc_row_inner][vc_column_inner width=&#8221;1\/2&#8243;][vc_column_text]Von der Projektierungsphase \u00fcber die Realisierung bis hin zum After-Sales Service sind wir daher der f\u00fcr Sie richtige Ansprechpartner. Franz Kahl b\u00fcndelt dabei Ihre W\u00fcnsche und Vorstellungen, bringt Sie mit den jeweiligen Fachleuten unserer Partner zusammen und koordiniert Einkauf und Abwicklung. Mit unserer weitgef\u00e4cherten Angebotspallette erf\u00fcllen wir auch gerne Ihre Peripheriew\u00fcnsche, vom Sackaufrei\u00dfer bis zum Abfahrbeh\u00e4lter und Presscontainer.<\/p>\n<p>Eingesetzt werden optische Sortiermodule von Toratecnica. Diese sind geeignet f\u00fcr<\/p>\n<p>LVP, Glas, Kunststoffe, Altpapier, Metalle und WEEE und bedienen sich neuster NIR-, Farb- und Induktionstechnik.<\/p>\n<p>Niedrige Unterhaltskosten, hohe Durchs\u00e4tze bei hohen Reinheitsgraden und Dauerhaftigkeit zeichnen unsere Sortiermodule aus. Modernste Software und Benutzeroberfl\u00e4chen erlauben es dem Betreiber, Anpassungen schnell und einfach vorzunehmen.<\/p>\n<p>Mit einer breiten Produktpalette ist die Franz Kahl GmbH in der Lage, kundenspezifische Recyclingl\u00f6sungen zu liefern. Ob es sich um Einzelmaschinen oder um die Planung, Fertigung, Montage und Inbetriebnahme der schl\u00fcsselfertigen Anlage handelt, wir erarbeiten zukunftssichere L\u00f6sungen f\u00fcr einfache und komplexe Aufgaben.[\/vc_column_text][vc_empty_space][\/vc_column_inner][vc_column_inner width=&#8221;1\/2&#8243;][vc_column_text]Viele Referenzanlagen stehen in Zentraleuropa, aber auch in \u00dcbersee zur Verf\u00fcgung. Demn\u00e4chst werden wir aber auch in unserem Technikum in Frankfurt die M\u00f6glichkeit bieten, gemeinsam mit Ihnen Ihre Fraktionen zu analysieren und zu testen. Kundenn\u00e4he und Transparenz: wir nehmen diese Begriffe ernst und stehen daf\u00fcr ein! Vereinbaren Sie mit uns einen unverbindlichen Beratungstermin vor Ort und erleben Sie so unsere Sachkompetenz und Seriosit\u00e4t!<br \/>\nFranz Kahl: 80 Jahre Dienst am Kunden und dies stets nur mit Premiumprodukten, zu denen die Maschinen von Redox und Toratechnica zweifelsfrei hinzugeh\u00f6ren.<\/p>\n<p>Hohe Rentabilit\u00e4t und schnelle Amortisation durch die Gewinnung wertvoller Rohstoffe garantiert.<\/p>\n<p>Dank der kompakten Bauweise k\u00f6nnen wir unsere L\u00f6sungen in jede bestehende Anlage integrieren. Durch die Modulbauweise sind unsere L\u00f6sungen stets voll skalierbar.<\/p>\n<p>Gerne k\u00f6nnen wir Ihr Material in unserem Test- und Demonstrationszentrum mit Ihnen sortieren \u2013 Anschlie\u00dfend erhalten Sie eine Auswertung sowie ein Testprotokoll aller Ergebnisse. Dies gibt Planungssicherheit \u00fcber eine eventuelle Investition und der Renditeerwartung.[\/vc_column_text]<a href=\"https:\/\/franz-kahl.de\/sortierung-fallbespiel\/\" target=\"_self\" class=\"button color-3 small \" style=\"border-radius: 2px;\">Sortierung Fallbeispiel<\/a>[vc_empty_space][\/vc_column_inner][\/vc_row_inner][\/vc_column][\/vc_row][vc_row][vc_column width=&#8221;1\/1&#8243;][vc_empty_space][vc_row_inner][vc_column_inner width=&#8221;1\/4&#8243;][vc_single_image image=&#8221;891&#8243; img_size=&#8221;full&#8221; onclick=&#8221;custom_link&#8221; link=&#8221;https:\/\/franz-kahl.de\/portfolio\/nir-sotierung-tora-sort-n\/&#8221;][vc_column_text]<\/p>\n<h3><a href=\"https:\/\/franz-kahl.de\/portfolio\/nir-sotierung-tora-sort-n\/\">Tora Sort N<\/a><\/h3>\n<p><strong>NIR SORTER<\/strong><\/p>\n<ul>\n<li>organische Sch\u00fcttg\u00fcter<\/li>\n<li>Kunststoffe<\/li>\n<li>Holz<\/li>\n<li>Papier<\/li>\n<\/ul>\n<p>[\/vc_column_text]<a href=\"https:\/\/franz-kahl.de\/portfolio\/nir-sotierung-tora-sort-n\/\" target=\"_self\" class=\"button color-3 small \" style=\"border-radius: 2px;\">weiter<\/a>[\/vc_column_inner][vc_column_inner width=&#8221;1\/4&#8243;][vc_single_image image=&#8221;893&#8243; img_size=&#8221;full&#8221; onclick=&#8221;custom_link&#8221; link=&#8221;https:\/\/franz-kahl.de\/portfolio\/induktionssortierungen-tora-sort-m\/&#8221;][vc_column_text]<\/p>\n<h3><a href=\"https:\/\/franz-kahl.de\/portfolio\/induktionssortierungen-tora-sort-m\/\">Tora Sort M<\/a><\/h3>\n<p><strong>INDUKTIONS SORTER<\/strong><\/p>\n<ul>\n<li>Eisen<\/li>\n<li>Aluminium<\/li>\n<li>Edelstahl<\/li>\n<li>Kabel<\/li>\n<\/ul>\n<p>[\/vc_column_text]<a href=\"https:\/\/franz-kahl.de\/portfolio\/induktionssortierungen-tora-sort-m\/\" target=\"_self\" class=\"button color-3 small \" style=\"border-radius: 2px;\">weiter<\/a>[\/vc_column_inner][vc_column_inner width=&#8221;1\/4&#8243;][vc_single_image image=&#8221;894&#8243; img_size=&#8221;full&#8221; onclick=&#8221;custom_link&#8221; link=&#8221;https:\/\/franz-kahl.de\/portfolio\/tora-sort-q\/&#8221;][vc_column_text]<\/p>\n<h3><a href=\"https:\/\/franz-kahl.de\/portfolio\/tora-sort-q\/\">Tora Sort Q<\/a><\/h3>\n<p><strong>OPTISCHER SORTER<\/strong><\/p>\n<ul>\n<li>Sortierung nach Farbe, Form, Helligkeit<\/li>\n<li>Metalle<\/li>\n<li>Edelstahl<\/li>\n<li>Kunststoff<\/li>\n<li>Glas<\/li>\n<\/ul>\n<p>[\/vc_column_text]<a href=\"https:\/\/franz-kahl.de\/portfolio\/tora-sort-q\/\" target=\"_self\" class=\"button color-3 small \" style=\"border-radius: 2px;\">weiter<\/a>[\/vc_column_inner][vc_column_inner width=&#8221;1\/4&#8243;][vc_single_image image=&#8221;895&#8243; img_size=&#8221;full&#8221; onclick=&#8221;custom_link&#8221; link=&#8221;https:\/\/franz-kahl.de\/portfolio\/tora-tower-sort\/&#8221;][vc_column_text]<\/p>\n<h3><a href=\"https:\/\/franz-kahl.de\/portfolio\/tora-tower-sort\/\">Tora Tower Sort<\/a><\/h3>\n<p><strong>KOMBINIERTE SORTIERUNG<\/strong><\/p>\n<ul>\n<li>Kunstoffe<\/li>\n<li>Metall<\/li>\n<li>Glas<\/li>\n<\/ul>\n<p>[\/vc_column_text]<a href=\"https:\/\/franz-kahl.de\/portfolio\/tora-tower-sort\/\" target=\"_self\" class=\"button color-3 small \" style=\"border-radius: 2px;\">weiter<\/a>[\/vc_column_inner][\/vc_row_inner][vc_empty_space][vc_column_text]<\/p>\n<h2>Anfrage Sortierung, Recycling, Abfallmanagement<\/h2>\n<p>Lassen Sie uns unverbindliche eine passende L\u00f6sung vorschlagen.<br \/>\nWir ben\u00f6tigen nur drei Pflichtangaben![\/vc_column_text][vc_empty_space]\n<div class=\"wpcf7 no-js\" id=\"wpcf7-f397-o1\" lang=\"de-DE\" dir=\"ltr\" data-wpcf7-id=\"397\">\n<div class=\"screen-reader-response\"><p role=\"status\" aria-live=\"polite\" aria-atomic=\"true\"><\/p> <ul><\/ul><\/div>\n<form action=\"\/en\/wp-json\/wp\/v2\/pages\/878#wpcf7-f397-o1\" method=\"post\" class=\"wpcf7-form init\" aria-label=\"Kontaktformular\" novalidate=\"novalidate\" data-status=\"init\">\n<fieldset class=\"hidden-fields-container\"><input type=\"hidden\" name=\"_wpcf7\" value=\"397\" \/><input type=\"hidden\" name=\"_wpcf7_version\" value=\"6.1.4\" \/><input type=\"hidden\" name=\"_wpcf7_locale\" value=\"de_DE\" \/><input type=\"hidden\" name=\"_wpcf7_unit_tag\" value=\"wpcf7-f397-o1\" \/><input type=\"hidden\" name=\"_wpcf7_container_post\" value=\"0\" \/><input type=\"hidden\" name=\"_wpcf7_posted_data_hash\" value=\"\" \/><input type=\"hidden\" name=\"_wpcf7_recaptcha_response\" value=\"\" \/>\n<\/fieldset>\n<p><label> Welche Materialien fallen an? (Pflichtfeld) <\/label><br \/>\n<span class=\"wpcf7-form-control-wrap\" data-name=\"material\"><span class=\"wpcf7-form-control wpcf7-radio\"><span class=\"wpcf7-list-item first\"><input type=\"radio\" name=\"material\" value=\"Metall\" checked=\"checked\" \/><span class=\"wpcf7-list-item-label\">Metall<\/span><\/span><span class=\"wpcf7-list-item\"><input type=\"radio\" name=\"material\" value=\"Nicht-Metalle\" \/><span class=\"wpcf7-list-item-label\">Nicht-Metalle<\/span><\/span><span class=\"wpcf7-list-item\"><input type=\"radio\" name=\"material\" value=\"Plastik\" \/><span class=\"wpcf7-list-item-label\">Plastik<\/span><\/span><span class=\"wpcf7-list-item\"><input type=\"radio\" name=\"material\" value=\"Elektro (WEEE)\" \/><span class=\"wpcf7-list-item-label\">Elektro (WEEE)<\/span><\/span><span class=\"wpcf7-list-item\"><input type=\"radio\" name=\"material\" value=\"Organische Abf\u00e4lle\" \/><span class=\"wpcf7-list-item-label\">Organische Abf\u00e4lle<\/span><\/span><span class=\"wpcf7-list-item\"><input type=\"radio\" name=\"material\" value=\"Bauschutt\" \/><span class=\"wpcf7-list-item-label\">Bauschutt<\/span><\/span><span class=\"wpcf7-list-item\"><input type=\"radio\" name=\"material\" value=\"Kompost\" \/><span class=\"wpcf7-list-item-label\">Kompost<\/span><\/span><span class=\"wpcf7-list-item last\"><input type=\"radio\" name=\"material\" value=\"Glas\" \/><span class=\"wpcf7-list-item-label\">Glas<\/span><\/span><\/span><\/span>\n<\/p>\n<p><label> Korngr\u00f6\u00dfe m. Einheit<br \/>\n<span class=\"wpcf7-form-control-wrap\" data-name=\"korngroesse\"><input size=\"40\" maxlength=\"400\" class=\"wpcf7-form-control wpcf7-text\" aria-invalid=\"false\" value=\"\" type=\"text\" name=\"korngroesse\" \/><\/span><\/label>\n<\/p>\n<p><label> Durchsatzleistung (t\/h)<br \/>\n<span class=\"wpcf7-form-control-wrap\" data-name=\"durchsatzleistung\"><input size=\"40\" maxlength=\"400\" class=\"wpcf7-form-control wpcf7-text\" aria-invalid=\"false\" value=\"\" type=\"text\" name=\"durchsatzleistung\" \/><\/span><\/label>\n<\/p>\n<p><label> Test- und Demonstrations Zeitraum (t\/h)<br \/>\n<span class=\"wpcf7-form-control-wrap\" data-name=\"date-333\"><input class=\"wpcf7-form-control wpcf7-date wpcf7-validates-as-required wpcf7-validates-as-date\" aria-required=\"true\" aria-invalid=\"false\" value=\"\" type=\"date\" name=\"date-333\" \/><\/span><\/label>\n<\/p>\n<p><label> Ansprechpartner<br \/>\n<span class=\"wpcf7-form-control-wrap\" data-name=\"ansprechpartner\"><input size=\"40\" maxlength=\"400\" class=\"wpcf7-form-control wpcf7-text\" aria-invalid=\"false\" value=\"\" type=\"text\" name=\"ansprechpartner\" \/><\/span><\/label>\n<\/p>\n<p><label>Telefonnummer (Pflichtfeld)<br \/>\n<span class=\"wpcf7-form-control-wrap\" data-name=\"telefonnummer\"><input size=\"40\" maxlength=\"400\" class=\"wpcf7-form-control wpcf7-text wpcf7-validates-as-required\" aria-required=\"true\" aria-invalid=\"false\" value=\"\" type=\"text\" name=\"telefonnummer\" \/><\/span><\/label>\n<\/p>\n<p><label>E-Mail-Adresse (Pflichtfeld)<br \/>\n<span class=\"wpcf7-form-control-wrap\" data-name=\"your-email\"><input size=\"40\" maxlength=\"400\" class=\"wpcf7-form-control wpcf7-email wpcf7-validates-as-required wpcf7-text wpcf7-validates-as-email\" aria-required=\"true\" aria-invalid=\"false\" value=\"\" type=\"email\" name=\"your-email\" \/><\/span><\/label>\n<\/p>\n<p><label>Adresse<br \/>\n<span class=\"wpcf7-form-control-wrap\" data-name=\"adresse\"><input size=\"40\" maxlength=\"400\" class=\"wpcf7-form-control wpcf7-text\" aria-invalid=\"false\" value=\"\" type=\"text\" name=\"adresse\" \/><\/span><\/label>\n<\/p>\n<p><label>Stra\u00dfe und Hausnummer<br \/>\n<span class=\"wpcf7-form-control-wrap\" data-name=\"strasse\"><input size=\"40\" maxlength=\"400\" class=\"wpcf7-form-control wpcf7-text\" aria-invalid=\"false\" value=\"\" type=\"text\" name=\"strasse\" \/><\/span><\/label>\n<\/p>\n<p><label>Ort und PLZ<br \/>\n<span class=\"wpcf7-form-control-wrap\" data-name=\"strasse\"><input size=\"40\" maxlength=\"400\" class=\"wpcf7-form-control wpcf7-text\" aria-invalid=\"false\" value=\"\" type=\"text\" name=\"strasse\" \/><\/span><\/label>\n<\/p>\n<p><label>Bundesland<br \/>\n<span class=\"wpcf7-form-control-wrap\" data-name=\"bundesland\"><input size=\"40\" maxlength=\"400\" class=\"wpcf7-form-control wpcf7-text\" aria-invalid=\"false\" value=\"\" type=\"text\" name=\"bundesland\" \/><\/span><\/label>\n<\/p>\n<p><label>Land<br \/>\n<span class=\"wpcf7-form-control-wrap\" data-name=\"land\"><input size=\"40\" maxlength=\"400\" class=\"wpcf7-form-control wpcf7-text\" aria-invalid=\"false\" value=\"\" type=\"text\" name=\"land\" \/><\/span><\/label>\n<\/p>\n<p><label>Notiz<br \/>\n<span class=\"wpcf7-form-control-wrap\" data-name=\"textarea-502\"><textarea cols=\"40\" rows=\"10\" maxlength=\"2000\" class=\"wpcf7-form-control wpcf7-textarea wpcf7-validates-as-required\" aria-required=\"true\" aria-invalid=\"false\" name=\"textarea-502\"><\/textarea><\/span><\/label>\n<\/p>\n<p><span class=\"wpcf7-form-control-wrap\" data-name=\"datenschutz\"><span class=\"wpcf7-form-control wpcf7-checkbox wpcf7-validates-as-required\"><span class=\"wpcf7-list-item first last\"><input type=\"checkbox\" name=\"datenschutz[]\" value=\"Ja\" \/><span class=\"wpcf7-list-item-label\">Ja<\/span><\/span><\/span><\/span>, ich habe die Datenschutzbestimmungen der Webseite gelesen und bin damit einverstanden, dass meine \u00fcbermittelten Daten zum Zwecke der Beantwortung und Bearbeitung meiner Anfrage entsprechend der <a href=\"https:\/\/franz-kahl.de\/datenschutzerklaerung\/\">Datenschutzerkl\u00e4rung<\/a> dieser Webseite gespeichert werden.\n<\/p>\n<span class=\"wpcf7-form-control-wrap recaptcha\" data-name=\"recaptcha\"><span data-sitekey=\"6LcEL7kUAAAAABZ9WROaJN82KeZUajJPqPYYzMLD\" class=\"wpcf7-form-control wpcf7-recaptcha g-recaptcha\"><\/span>\r\n<noscript>\r\n\t<div class=\"grecaptcha-noscript\">\r\n\t\t<iframe loading=\"lazy\" src=\"https:\/\/www.google.com\/recaptcha\/api\/fallback?k=6LcEL7kUAAAAABZ9WROaJN82KeZUajJPqPYYzMLD\" frameborder=\"0\" scrolling=\"no\" width=\"310\" height=\"430\">\r\n\t\t<\/iframe>\r\n\t\t<textarea name=\"g-recaptcha-response\" rows=\"3\" cols=\"40\" placeholder=\"reCaptcha Response Here\">\r\n\t\t<\/textarea>\r\n\t<\/div>\r\n<\/noscript>\r\n<\/span>\n<p><input class=\"wpcf7-form-control wpcf7-submit has-spinner\" type=\"submit\" value=\"Senden\" \/>\n<\/p><div class=\"wpcf7-response-output\" aria-hidden=\"true\"><\/div>\n<\/form>\n<\/div>\n[vc_empty_space][\/vc_column][\/vc_row]<\/p>\n<\/div>","protected":false},"excerpt":{"rendered":"<p>[vc_row][vc_column width=&#8221;1\/1&#8243;][vc_empty_space][vc_row_inner][vc_column_inner width=&#8221;1\/2&#8243;][vc_column_text]Von der Projektierungsphase \u00fcber die Realisierung bis hin zum After-Sales Service sind wir daher der f\u00fcr Sie richtige Ansprechpartner. Franz Kahl b\u00fcndelt dabei Ihre W\u00fcnsche und Vorstellungen, bringt Sie mit den jeweiligen Fachleuten unserer Partner zusammen und koordiniert Einkauf und Abwicklung. Mit unserer weitgef\u00e4cherten Angebotspallette erf\u00fcllen wir auch gerne Ihre Peripheriew\u00fcnsche, vom Sackaufrei\u00dfer bis zum Abfahrbeh\u00e4lter und Presscontainer. Eingesetzt werden optische Sortiermodule von Toratecnica. Diese sind geeignet f\u00fcr LVP, Glas, Kunststoffe, Altpapier, Metalle und WEEE und bedienen sich neuster NIR-, Farb- und Induktionstechnik. Niedrige Unterhaltskosten, hohe Durchs\u00e4tze bei hohen Reinheitsgraden und Dauerhaftigkeit zeichnen unsere Sortiermodule aus. Modernste Software und Benutzeroberfl\u00e4chen erlauben es dem Betreiber, Anpassungen schnell und einfach vorzunehmen. Mit einer breiten Produktpalette ist die Franz Kahl GmbH in der Lage, kundenspezifische Recyclingl\u00f6sungen zu liefern. Ob es sich um Einzelmaschinen oder um die Planung, Fertigung, Montage und Inbetriebnahme der schl\u00fcsselfertigen Anlage handelt, wir erarbeiten zukunftssichere L\u00f6sungen f\u00fcr einfache und komplexe Aufgaben.[\/vc_column_text][vc_empty_space][\/vc_column_inner][vc_column_inner width=&#8221;1\/2&#8243;][vc_column_text]Viele Referenzanlagen stehen in Zentraleuropa, aber auch in \u00dcbersee zur Verf\u00fcgung. Demn\u00e4chst werden wir aber auch in unserem Technikum in Frankfurt die M\u00f6glichkeit bieten, gemeinsam mit Ihnen Ihre Fraktionen zu analysieren und zu testen. Kundenn\u00e4he und Transparenz: wir nehmen diese Begriffe ernst und stehen daf\u00fcr ein! Vereinbaren [&hellip;]<\/p>\n","protected":false},"author":6,"featured_media":0,"parent":0,"menu_order":0,"comment_status":"closed","ping_status":"closed","template":"","meta":{"_exactmetrics_skip_tracking":false,"_exactmetrics_sitenote_active":false,"_exactmetrics_sitenote_note":"","_exactmetrics_sitenote_category":0,"footnotes":""},"class_list":["post-878","page","type-page","status-publish","hentry"],"_links":{"self":[{"href":"https:\/\/franz-kahl.de\/en\/wp-json\/wp\/v2\/pages\/878","targetHints":{"allow":["GET"]}}],"collection":[{"href":"https:\/\/franz-kahl.de\/en\/wp-json\/wp\/v2\/pages"}],"about":[{"href":"https:\/\/franz-kahl.de\/en\/wp-json\/wp\/v2\/types\/page"}],"author":[{"embeddable":true,"href":"https:\/\/franz-kahl.de\/en\/wp-json\/wp\/v2\/users\/6"}],"replies":[{"embeddable":true,"href":"https:\/\/franz-kahl.de\/en\/wp-json\/wp\/v2\/comments?post=878"}],"version-history":[{"count":17,"href":"https:\/\/franz-kahl.de\/en\/wp-json\/wp\/v2\/pages\/878\/revisions"}],"predecessor-version":[{"id":917,"href":"https:\/\/franz-kahl.de\/en\/wp-json\/wp\/v2\/pages\/878\/revisions\/917"}],"wp:attachment":[{"href":"https:\/\/franz-kahl.de\/en\/wp-json\/wp\/v2\/media?parent=878"}],"curies":[{"name":"wp","href":"https:\/\/api.w.org\/{rel}","templated":true}]}}